{"id":87,"date":"2021-02-16T22:01:07","date_gmt":"2021-02-16T22:01:07","guid":{"rendered":"https:\/\/damatecnicaingenieros.com.co\/Es_es\/?page_id=27"},"modified":"2021-05-24T19:20:22","modified_gmt":"2021-05-24T19:20:22","slug":"quienes-somos","status":"publish","type":"page","link":"https:\/\/damatecnicaingenieros.com.co\/Es\/quienes-somos\/","title":{"rendered":"Quienes somos"},"content":{"rendered":"<!--themify_builder_content-->\n<div id=\"themify_builder_content-87\" data-postid=\"87\" class=\"themify_builder_content themify_builder_content-87 themify_builder tf_clear\">\n    \t<!-- module_row -->\n\t<div  data-lazy=\"1\" class=\"module_row themify_builder_row tb_a8wu49 tb_first clearfix hide-tablet hide-mobile\" >\n\t    \t\t<div class=\"row_inner col_align_top tf_box tf_w tf_rel\">\n\t\t\t<div  data-lazy=\"1\" style=\"width: 9.68%\" class=\"module_column tb-column col3-1 first tb_37dd53 tf_box\">\n\t    \t    \t<\/div>\n\t\t<div  data-lazy=\"1\" style=\"width: 73.06%\" class=\"module_column tb-column col3-1 middle tb_0dbm494 tf_box\">\n\t    \t    \t        <div class=\"tb-column-inner tf_box tf_w\">\n\t\t    <!-- module image -->\n<div  class=\"module module-image tb_slzf919   image-top tf_mw\" data-lazy=\"1\">\n            <div class=\"image-wrap tf_rel tf_mw\">\n\t\t    <img loading=\"lazy\" decoding=\"async\" width=\"1920\" height=\"875\" src=\"https:\/\/damatecnicaingenieros.com.co\/Es\/wp-content\/uploads\/2021\/03\/Header-Quienes-Somos.jpg\" class=\"wp-post-image wp-image-288\" title=\"Header Quienes Somos\" alt=\"Header Quienes Somos\" srcset=\"https:\/\/damatecnicaingenieros.com.co\/Es\/wp-content\/uploads\/2021\/03\/Header-Quienes-Somos.jpg 1920w, https:\/\/damatecnicaingenieros.com.co\/Es\/wp-content\/uploads\/2021\/03\/Header-Quienes-Somos-300x137.jpg 300w, https:\/\/damatecnicaingenieros.com.co\/Es\/wp-content\/uploads\/2021\/03\/Header-Quienes-Somos-1024x467.jpg 1024w, https:\/\/damatecnicaingenieros.com.co\/Es\/wp-content\/uploads\/2021\/03\/Header-Quienes-Somos-768x350.jpg 768w, https:\/\/damatecnicaingenieros.com.co\/Es\/wp-content\/uploads\/2021\/03\/Header-Quienes-Somos-1536x700.jpg 1536w\" sizes=\"(max-width: 1920px) 100vw, 1920px\" \/>\t\n\t\t<\/div>\n\t<!-- \/image-wrap -->\n    \n    \n<\/div>\n<!-- \/module image --><!-- module text -->\n<div  class=\"module module-text tb_n58k525   \" data-lazy=\"1\">\n            <div  class=\"tb_text_wrap\">\n    <h2>\u00bfQUIENES SOMOS?<\/h2><p>Somos una empresa metalmec\u00e1nica, con 19 a\u00f1os de trayectoria en el mercado, brindando soluciones de ingenier\u00eda a la industria colombiana, especialistas en el mecanizado y reconstrucci\u00f3n de piezas y repuestos industriales, dise\u00f1o y fabricaci\u00f3n de maquinaria, moldes, estructuras met\u00e1licas, montajes industriales. Fabricaci\u00f3n de calderas, automatizaci\u00f3n de plantas industriales.<\/p><p>Ofrecemos servicios de soldaduras especiales. electroerosi\u00f3n por penetraci\u00f3n, tratamientos t\u00e9rmicos, entre otros. Contamos con un \u00e1rea dedicada al desarrollo de proyectos de ingenier\u00eda encaminados siempre al mejoramiento y productividad de sus procesos.<\/p><p><img loading=\"lazy\" decoding=\"async\" class=\"alignnone wp-image-69\" src=\"https:\/\/damatecnicaingenieros.com.co\/Es\/wp-content\/uploads\/2021\/03\/LogoDamaTec-02-300x300.png\" alt=\"\" width=\"21\" height=\"21\" srcset=\"https:\/\/damatecnicaingenieros.com.co\/Es\/wp-content\/uploads\/2021\/03\/LogoDamaTec-02-300x300.png 300w, https:\/\/damatecnicaingenieros.com.co\/Es\/wp-content\/uploads\/2021\/03\/LogoDamaTec-02-150x150.png 150w, https:\/\/damatecnicaingenieros.com.co\/Es\/wp-content\/uploads\/2021\/03\/LogoDamaTec-02.png 561w\" sizes=\"(max-width: 21px) 100vw, 21px\" \/>Piezas de gran dimensi\u00f3n mecanizadas CNC<br \/><img loading=\"lazy\" decoding=\"async\" class=\"alignnone wp-image-69\" src=\"https:\/\/damatecnicaingenieros.com.co\/Es\/wp-content\/uploads\/2021\/03\/LogoDamaTec-02-300x300.png\" alt=\"\" width=\"21\" height=\"21\" srcset=\"https:\/\/damatecnicaingenieros.com.co\/Es\/wp-content\/uploads\/2021\/03\/LogoDamaTec-02-300x300.png 300w, https:\/\/damatecnicaingenieros.com.co\/Es\/wp-content\/uploads\/2021\/03\/LogoDamaTec-02-150x150.png 150w, https:\/\/damatecnicaingenieros.com.co\/Es\/wp-content\/uploads\/2021\/03\/LogoDamaTec-02.png 561w\" sizes=\"(max-width: 21px) 100vw, 21px\" \/>Repuestos industriales<br \/><img loading=\"lazy\" decoding=\"async\" class=\"alignnone wp-image-69\" src=\"https:\/\/damatecnicaingenieros.com.co\/Es\/wp-content\/uploads\/2021\/03\/LogoDamaTec-02-300x300.png\" alt=\"\" width=\"21\" height=\"21\" srcset=\"https:\/\/damatecnicaingenieros.com.co\/Es\/wp-content\/uploads\/2021\/03\/LogoDamaTec-02-300x300.png 300w, https:\/\/damatecnicaingenieros.com.co\/Es\/wp-content\/uploads\/2021\/03\/LogoDamaTec-02-150x150.png 150w, https:\/\/damatecnicaingenieros.com.co\/Es\/wp-content\/uploads\/2021\/03\/LogoDamaTec-02.png 561w\" sizes=\"(max-width: 21px) 100vw, 21px\" \/>Fabricaci\u00f3n\u00a0de estructuras\u00a0met\u00e1licas, soldaduras y montajes industriales.<br \/><img loading=\"lazy\" decoding=\"async\" class=\"alignnone wp-image-69\" src=\"https:\/\/damatecnicaingenieros.com.co\/Es\/wp-content\/uploads\/2021\/03\/LogoDamaTec-02-300x300.png\" alt=\"\" width=\"21\" height=\"21\" srcset=\"https:\/\/damatecnicaingenieros.com.co\/Es\/wp-content\/uploads\/2021\/03\/LogoDamaTec-02-300x300.png 300w, https:\/\/damatecnicaingenieros.com.co\/Es\/wp-content\/uploads\/2021\/03\/LogoDamaTec-02-150x150.png 150w, https:\/\/damatecnicaingenieros.com.co\/Es\/wp-content\/uploads\/2021\/03\/LogoDamaTec-02.png 561w\" sizes=\"(max-width: 21px) 100vw, 21px\" \/>Dise\u00f1o y\u00a0fabricaci\u00f3n\u00a0de maquinaria industrial<br \/><img loading=\"lazy\" decoding=\"async\" class=\"alignnone wp-image-69\" src=\"https:\/\/damatecnicaingenieros.com.co\/Es\/wp-content\/uploads\/2021\/03\/LogoDamaTec-02-300x300.png\" alt=\"\" width=\"21\" height=\"21\" srcset=\"https:\/\/damatecnicaingenieros.com.co\/Es\/wp-content\/uploads\/2021\/03\/LogoDamaTec-02-300x300.png 300w, https:\/\/damatecnicaingenieros.com.co\/Es\/wp-content\/uploads\/2021\/03\/LogoDamaTec-02-150x150.png 150w, https:\/\/damatecnicaingenieros.com.co\/Es\/wp-content\/uploads\/2021\/03\/LogoDamaTec-02.png 561w\" sizes=\"(max-width: 21px) 100vw, 21px\" \/>Calderas (fabricaci\u00f3n, instalaci\u00f3n y servicio post venta)<br \/><img loading=\"lazy\" decoding=\"async\" class=\"alignnone wp-image-69\" src=\"https:\/\/damatecnicaingenieros.com.co\/Es\/wp-content\/uploads\/2021\/03\/LogoDamaTec-02-300x300.png\" alt=\"\" width=\"21\" height=\"21\" srcset=\"https:\/\/damatecnicaingenieros.com.co\/Es\/wp-content\/uploads\/2021\/03\/LogoDamaTec-02-300x300.png 300w, https:\/\/damatecnicaingenieros.com.co\/Es\/wp-content\/uploads\/2021\/03\/LogoDamaTec-02-150x150.png 150w, https:\/\/damatecnicaingenieros.com.co\/Es\/wp-content\/uploads\/2021\/03\/LogoDamaTec-02.png 561w\" sizes=\"(max-width: 21px) 100vw, 21px\" \/>Automatizaci\u00f3n de plantas<br \/><img loading=\"lazy\" decoding=\"async\" class=\"alignnone wp-image-69\" src=\"https:\/\/damatecnicaingenieros.com.co\/Es\/wp-content\/uploads\/2021\/03\/LogoDamaTec-02-300x300.png\" alt=\"\" width=\"21\" height=\"21\" srcset=\"https:\/\/damatecnicaingenieros.com.co\/Es\/wp-content\/uploads\/2021\/03\/LogoDamaTec-02-300x300.png 300w, https:\/\/damatecnicaingenieros.com.co\/Es\/wp-content\/uploads\/2021\/03\/LogoDamaTec-02-150x150.png 150w, https:\/\/damatecnicaingenieros.com.co\/Es\/wp-content\/uploads\/2021\/03\/LogoDamaTec-02.png 561w\" sizes=\"(max-width: 21px) 100vw, 21px\" \/>Sistema de eliminaci\u00f3n de humo<br \/><img loading=\"lazy\" decoding=\"async\" class=\"alignnone wp-image-69\" src=\"https:\/\/damatecnicaingenieros.com.co\/Es\/wp-content\/uploads\/2021\/03\/LogoDamaTec-02-300x300.png\" alt=\"\" width=\"21\" height=\"21\" srcset=\"https:\/\/damatecnicaingenieros.com.co\/Es\/wp-content\/uploads\/2021\/03\/LogoDamaTec-02-300x300.png 300w, https:\/\/damatecnicaingenieros.com.co\/Es\/wp-content\/uploads\/2021\/03\/LogoDamaTec-02-150x150.png 150w, https:\/\/damatecnicaingenieros.com.co\/Es\/wp-content\/uploads\/2021\/03\/LogoDamaTec-02.png 561w\" sizes=\"(max-width: 21px) 100vw, 21px\" \/>Servicio de\u00a0reconstrucci\u00f3n\u00a0de\u00a0maquinaria\u00a0industrial.<br \/><img loading=\"lazy\" decoding=\"async\" class=\"alignnone wp-image-69\" src=\"https:\/\/damatecnicaingenieros.com.co\/Es\/wp-content\/uploads\/2021\/03\/LogoDamaTec-02-300x300.png\" alt=\"\" width=\"21\" height=\"21\" srcset=\"https:\/\/damatecnicaingenieros.com.co\/Es\/wp-content\/uploads\/2021\/03\/LogoDamaTec-02-300x300.png 300w, https:\/\/damatecnicaingenieros.com.co\/Es\/wp-content\/uploads\/2021\/03\/LogoDamaTec-02-150x150.png 150w, https:\/\/damatecnicaingenieros.com.co\/Es\/wp-content\/uploads\/2021\/03\/LogoDamaTec-02.png 561w\" sizes=\"(max-width: 21px) 100vw, 21px\" \/>Mecanizado de piezas en\u00a0 \u00a0Gran\u00a0dimensi\u00f3n\u00a0con\u00a0tecnolog\u00eda\u00a0CAD &#8211; CAM &#8211; CNC.<br \/><img loading=\"lazy\" decoding=\"async\" class=\"alignnone wp-image-69\" src=\"https:\/\/damatecnicaingenieros.com.co\/Es\/wp-content\/uploads\/2021\/03\/LogoDamaTec-02-300x300.png\" alt=\"\" width=\"21\" height=\"21\" srcset=\"https:\/\/damatecnicaingenieros.com.co\/Es\/wp-content\/uploads\/2021\/03\/LogoDamaTec-02-300x300.png 300w, https:\/\/damatecnicaingenieros.com.co\/Es\/wp-content\/uploads\/2021\/03\/LogoDamaTec-02-150x150.png 150w, https:\/\/damatecnicaingenieros.com.co\/Es\/wp-content\/uploads\/2021\/03\/LogoDamaTec-02.png 561w\" sizes=\"(max-width: 21px) 100vw, 21px\" \/>Tratamiento t\u00e9rmico.<br \/><img loading=\"lazy\" decoding=\"async\" class=\"alignnone wp-image-69\" src=\"https:\/\/damatecnicaingenieros.com.co\/Es\/wp-content\/uploads\/2021\/03\/LogoDamaTec-02-300x300.png\" alt=\"\" width=\"21\" height=\"21\" srcset=\"https:\/\/damatecnicaingenieros.com.co\/Es\/wp-content\/uploads\/2021\/03\/LogoDamaTec-02-300x300.png 300w, https:\/\/damatecnicaingenieros.com.co\/Es\/wp-content\/uploads\/2021\/03\/LogoDamaTec-02-150x150.png 150w, https:\/\/damatecnicaingenieros.com.co\/Es\/wp-content\/uploads\/2021\/03\/LogoDamaTec-02.png 561w\" sizes=\"(max-width: 21px) 100vw, 21px\" \/>Moldes para inyecci\u00f3n de pl\u00e1stico y EPS.<\/p><p><strong>\u00a0<\/strong><\/p>    <\/div>\n<\/div>\n<!-- \/module text -->\t        <\/div>\n\t    \t<\/div>\n\t\t<div  data-lazy=\"1\" style=\"width: 10.86%\" class=\"module_column tb-column col3-1 last tb_fhqn495 tf_box\">\n\t    \t    \t<\/div>\n\t\t    <\/div>\n\t    <!-- \/row_inner -->\n\t<\/div>\n\t<!-- \/module_row -->\n\t\t<!-- module_row -->\n\t<div  data-lazy=\"1\" class=\"module_row themify_builder_row tb_d2h1305 clearfix hide-desktop hide-tablet_landscape\" >\n\t    \t\t<div class=\"row_inner col_align_top tf_box tf_w tf_rel\">\n\t\t\t<div  data-lazy=\"1\" class=\"module_column tb-column col-full first tb_y365306 tf_box\">\n\t    \t    \t        <div class=\"tb-column-inner tf_box tf_w\">\n\t\t    <!-- module image -->\n<div  class=\"module module-image tb_4w98308   image-top tf_mw\" data-lazy=\"1\">\n            <div class=\"image-wrap tf_rel tf_mw\">\n\t\t    <img loading=\"lazy\" decoding=\"async\" width=\"1920\" height=\"875\" src=\"https:\/\/damatecnicaingenieros.com.co\/Es\/wp-content\/uploads\/2021\/03\/Header-Quienes-Somos.jpg\" class=\"wp-post-image wp-image-288\" title=\"Header Quienes Somos\" alt=\"Header Quienes Somos\" srcset=\"https:\/\/damatecnicaingenieros.com.co\/Es\/wp-content\/uploads\/2021\/03\/Header-Quienes-Somos.jpg 1920w, https:\/\/damatecnicaingenieros.com.co\/Es\/wp-content\/uploads\/2021\/03\/Header-Quienes-Somos-300x137.jpg 300w, https:\/\/damatecnicaingenieros.com.co\/Es\/wp-content\/uploads\/2021\/03\/Header-Quienes-Somos-1024x467.jpg 1024w, https:\/\/damatecnicaingenieros.com.co\/Es\/wp-content\/uploads\/2021\/03\/Header-Quienes-Somos-768x350.jpg 768w, https:\/\/damatecnicaingenieros.com.co\/Es\/wp-content\/uploads\/2021\/03\/Header-Quienes-Somos-1536x700.jpg 1536w\" sizes=\"(max-width: 1920px) 100vw, 1920px\" \/>\t\n\t\t<\/div>\n\t<!-- \/image-wrap -->\n    \n    \n<\/div>\n<!-- \/module image --><!-- module text -->\n<div  class=\"module module-text tb_c29j309   \" data-lazy=\"1\">\n            <div  class=\"tb_text_wrap\">\n    <h2>\u00bfQUIENES SOMOS?<\/h2><p>Somos una empresa metalmec\u00e1nica, con 19 a\u00f1os de trayectoria en el mercado, brindando soluciones de ingenier\u00eda a la industria colombiana, especialistas en el mecanizado y reconstrucci\u00f3n de piezas y repuestos industriales, dise\u00f1o y fabricaci\u00f3n de maquinaria, moldes, estructuras met\u00e1licas, montajes industriales. Fabricaci\u00f3n de calderas, automatizaci\u00f3n de plantas industriales.<\/p><p>Ofrecemos servicios de soldaduras especiales. electroerosi\u00f3n por penetraci\u00f3n, tratamientos t\u00e9rmicos, entre otros. Contamos con un \u00e1rea dedicada al desarrollo de proyectos de ingenier\u00eda encaminados siempre al mejoramiento y productividad de sus procesos.<\/p><p><img loading=\"lazy\" decoding=\"async\" class=\"alignnone wp-image-69\" src=\"https:\/\/damatecnicaingenieros.com.co\/Es\/wp-content\/uploads\/2021\/03\/LogoDamaTec-02-300x300.png\" alt=\"\" width=\"21\" height=\"21\" srcset=\"https:\/\/damatecnicaingenieros.com.co\/Es\/wp-content\/uploads\/2021\/03\/LogoDamaTec-02-300x300.png 300w, https:\/\/damatecnicaingenieros.com.co\/Es\/wp-content\/uploads\/2021\/03\/LogoDamaTec-02-150x150.png 150w, https:\/\/damatecnicaingenieros.com.co\/Es\/wp-content\/uploads\/2021\/03\/LogoDamaTec-02.png 561w\" sizes=\"(max-width: 21px) 100vw, 21px\" \/>Piezas de gran dimensi\u00f3n mecanizadas CNC<br \/><img loading=\"lazy\" decoding=\"async\" class=\"alignnone wp-image-69\" src=\"https:\/\/damatecnicaingenieros.com.co\/Es\/wp-content\/uploads\/2021\/03\/LogoDamaTec-02-300x300.png\" alt=\"\" width=\"21\" height=\"21\" srcset=\"https:\/\/damatecnicaingenieros.com.co\/Es\/wp-content\/uploads\/2021\/03\/LogoDamaTec-02-300x300.png 300w, https:\/\/damatecnicaingenieros.com.co\/Es\/wp-content\/uploads\/2021\/03\/LogoDamaTec-02-150x150.png 150w, https:\/\/damatecnicaingenieros.com.co\/Es\/wp-content\/uploads\/2021\/03\/LogoDamaTec-02.png 561w\" sizes=\"(max-width: 21px) 100vw, 21px\" \/>Repuestos industriales<br \/><img loading=\"lazy\" decoding=\"async\" class=\"alignnone wp-image-69\" src=\"https:\/\/damatecnicaingenieros.com.co\/Es\/wp-content\/uploads\/2021\/03\/LogoDamaTec-02-300x300.png\" alt=\"\" width=\"21\" height=\"21\" srcset=\"https:\/\/damatecnicaingenieros.com.co\/Es\/wp-content\/uploads\/2021\/03\/LogoDamaTec-02-300x300.png 300w, https:\/\/damatecnicaingenieros.com.co\/Es\/wp-content\/uploads\/2021\/03\/LogoDamaTec-02-150x150.png 150w, https:\/\/damatecnicaingenieros.com.co\/Es\/wp-content\/uploads\/2021\/03\/LogoDamaTec-02.png 561w\" sizes=\"(max-width: 21px) 100vw, 21px\" \/>Fabricaci\u00f3n\u00a0de estructuras\u00a0met\u00e1licas, soldaduras y montajes industriales.<br \/><img loading=\"lazy\" decoding=\"async\" class=\"alignnone wp-image-69\" src=\"https:\/\/damatecnicaingenieros.com.co\/Es\/wp-content\/uploads\/2021\/03\/LogoDamaTec-02-300x300.png\" alt=\"\" width=\"21\" height=\"21\" srcset=\"https:\/\/damatecnicaingenieros.com.co\/Es\/wp-content\/uploads\/2021\/03\/LogoDamaTec-02-300x300.png 300w, https:\/\/damatecnicaingenieros.com.co\/Es\/wp-content\/uploads\/2021\/03\/LogoDamaTec-02-150x150.png 150w, https:\/\/damatecnicaingenieros.com.co\/Es\/wp-content\/uploads\/2021\/03\/LogoDamaTec-02.png 561w\" sizes=\"(max-width: 21px) 100vw, 21px\" \/>Dise\u00f1o y\u00a0fabricaci\u00f3n\u00a0de maquinaria industrial<br \/><img loading=\"lazy\" decoding=\"async\" class=\"alignnone wp-image-69\" src=\"https:\/\/damatecnicaingenieros.com.co\/Es\/wp-content\/uploads\/2021\/03\/LogoDamaTec-02-300x300.png\" alt=\"\" width=\"21\" height=\"21\" srcset=\"https:\/\/damatecnicaingenieros.com.co\/Es\/wp-content\/uploads\/2021\/03\/LogoDamaTec-02-300x300.png 300w, https:\/\/damatecnicaingenieros.com.co\/Es\/wp-content\/uploads\/2021\/03\/LogoDamaTec-02-150x150.png 150w, https:\/\/damatecnicaingenieros.com.co\/Es\/wp-content\/uploads\/2021\/03\/LogoDamaTec-02.png 561w\" sizes=\"(max-width: 21px) 100vw, 21px\" \/>Calderas (fabricaci\u00f3n, instalaci\u00f3n y servicio post venta)<br \/><img loading=\"lazy\" decoding=\"async\" class=\"alignnone wp-image-69\" src=\"https:\/\/damatecnicaingenieros.com.co\/Es\/wp-content\/uploads\/2021\/03\/LogoDamaTec-02-300x300.png\" alt=\"\" width=\"21\" height=\"21\" srcset=\"https:\/\/damatecnicaingenieros.com.co\/Es\/wp-content\/uploads\/2021\/03\/LogoDamaTec-02-300x300.png 300w, https:\/\/damatecnicaingenieros.com.co\/Es\/wp-content\/uploads\/2021\/03\/LogoDamaTec-02-150x150.png 150w, https:\/\/damatecnicaingenieros.com.co\/Es\/wp-content\/uploads\/2021\/03\/LogoDamaTec-02.png 561w\" sizes=\"(max-width: 21px) 100vw, 21px\" \/>Automatizaci\u00f3n de plantas<br \/><img loading=\"lazy\" decoding=\"async\" class=\"alignnone wp-image-69\" src=\"https:\/\/damatecnicaingenieros.com.co\/Es\/wp-content\/uploads\/2021\/03\/LogoDamaTec-02-300x300.png\" alt=\"\" width=\"21\" height=\"21\" srcset=\"https:\/\/damatecnicaingenieros.com.co\/Es\/wp-content\/uploads\/2021\/03\/LogoDamaTec-02-300x300.png 300w, https:\/\/damatecnicaingenieros.com.co\/Es\/wp-content\/uploads\/2021\/03\/LogoDamaTec-02-150x150.png 150w, https:\/\/damatecnicaingenieros.com.co\/Es\/wp-content\/uploads\/2021\/03\/LogoDamaTec-02.png 561w\" sizes=\"(max-width: 21px) 100vw, 21px\" \/>Sistema de eliminaci\u00f3n de humo<br \/><img loading=\"lazy\" decoding=\"async\" class=\"alignnone wp-image-69\" src=\"https:\/\/damatecnicaingenieros.com.co\/Es\/wp-content\/uploads\/2021\/03\/LogoDamaTec-02-300x300.png\" alt=\"\" width=\"21\" height=\"21\" srcset=\"https:\/\/damatecnicaingenieros.com.co\/Es\/wp-content\/uploads\/2021\/03\/LogoDamaTec-02-300x300.png 300w, https:\/\/damatecnicaingenieros.com.co\/Es\/wp-content\/uploads\/2021\/03\/LogoDamaTec-02-150x150.png 150w, https:\/\/damatecnicaingenieros.com.co\/Es\/wp-content\/uploads\/2021\/03\/LogoDamaTec-02.png 561w\" sizes=\"(max-width: 21px) 100vw, 21px\" \/>Servicio de\u00a0reconstrucci\u00f3n\u00a0de\u00a0maquinaria\u00a0industrial.<br \/><img loading=\"lazy\" decoding=\"async\" class=\"alignnone wp-image-69\" src=\"https:\/\/damatecnicaingenieros.com.co\/Es\/wp-content\/uploads\/2021\/03\/LogoDamaTec-02-300x300.png\" alt=\"\" width=\"21\" height=\"21\" srcset=\"https:\/\/damatecnicaingenieros.com.co\/Es\/wp-content\/uploads\/2021\/03\/LogoDamaTec-02-300x300.png 300w, https:\/\/damatecnicaingenieros.com.co\/Es\/wp-content\/uploads\/2021\/03\/LogoDamaTec-02-150x150.png 150w, https:\/\/damatecnicaingenieros.com.co\/Es\/wp-content\/uploads\/2021\/03\/LogoDamaTec-02.png 561w\" sizes=\"(max-width: 21px) 100vw, 21px\" \/>Mecanizado de piezas en\u00a0 \u00a0Gran\u00a0dimensi\u00f3n\u00a0con\u00a0tecnolog\u00eda\u00a0CAD &#8211; CAM &#8211; CNC.<br \/><img loading=\"lazy\" decoding=\"async\" class=\"alignnone wp-image-69\" src=\"https:\/\/damatecnicaingenieros.com.co\/Es\/wp-content\/uploads\/2021\/03\/LogoDamaTec-02-300x300.png\" alt=\"\" width=\"21\" height=\"21\" srcset=\"https:\/\/damatecnicaingenieros.com.co\/Es\/wp-content\/uploads\/2021\/03\/LogoDamaTec-02-300x300.png 300w, https:\/\/damatecnicaingenieros.com.co\/Es\/wp-content\/uploads\/2021\/03\/LogoDamaTec-02-150x150.png 150w, https:\/\/damatecnicaingenieros.com.co\/Es\/wp-content\/uploads\/2021\/03\/LogoDamaTec-02.png 561w\" sizes=\"(max-width: 21px) 100vw, 21px\" \/>Tratamiento t\u00e9rmico.<br \/><img loading=\"lazy\" decoding=\"async\" class=\"alignnone wp-image-69\" src=\"https:\/\/damatecnicaingenieros.com.co\/Es\/wp-content\/uploads\/2021\/03\/LogoDamaTec-02-300x300.png\" alt=\"\" width=\"21\" height=\"21\" srcset=\"https:\/\/damatecnicaingenieros.com.co\/Es\/wp-content\/uploads\/2021\/03\/LogoDamaTec-02-300x300.png 300w, https:\/\/damatecnicaingenieros.com.co\/Es\/wp-content\/uploads\/2021\/03\/LogoDamaTec-02-150x150.png 150w, https:\/\/damatecnicaingenieros.com.co\/Es\/wp-content\/uploads\/2021\/03\/LogoDamaTec-02.png 561w\" sizes=\"(max-width: 21px) 100vw, 21px\" \/>Moldes para inyecci\u00f3n de pl\u00e1stico y EPS.<\/p><p><strong>\u00a0<\/strong><\/p>    <\/div>\n<\/div>\n<!-- \/module text -->\t        <\/div>\n\t    \t<\/div>\n\t\t    <\/div>\n\t    <!-- \/row_inner -->\n\t<\/div>\n\t<!-- \/module_row -->\n\t<\/div>\n<!--\/themify_builder_content-->","protected":false},"excerpt":{"rendered":"<p>\u00bfQUIENES SOMOS? Somos una empresa metalmec\u00e1nica, con 19 a\u00f1os de trayectoria en el mercado, brindando soluciones de ingenier\u00eda a la industria colombiana, especialistas en el mecanizado y reconstrucci\u00f3n de piezas y repuestos industriales, dise\u00f1o y fabricaci\u00f3n de maquinaria, moldes, estructuras met\u00e1licas, montajes industriales. Fabricaci\u00f3n de calderas, automatizaci\u00f3n de plantas industriales. Ofrecemos servicios de soldaduras especiales. [&hellip;]<\/p>\n","protected":false},"author":1,"featured_media":0,"parent":0,"menu_order":0,"comment_status":"closed","ping_status":"closed","template":"","meta":{"footnotes":""},"_links":{"self":[{"href":"https:\/\/damatecnicaingenieros.com.co\/Es\/wp-json\/wp\/v2\/pages\/87"}],"collection":[{"href":"https:\/\/damatecnicaingenieros.com.co\/Es\/wp-json\/wp\/v2\/pages"}],"about":[{"href":"https:\/\/damatecnicaingenieros.com.co\/Es\/wp-json\/wp\/v2\/types\/page"}],"author":[{"embeddable":true,"href":"https:\/\/damatecnicaingenieros.com.co\/Es\/wp-json\/wp\/v2\/users\/1"}],"replies":[{"embeddable":true,"href":"https:\/\/damatecnicaingenieros.com.co\/Es\/wp-json\/wp\/v2\/comments?post=87"}],"version-history":[{"count":8,"href":"https:\/\/damatecnicaingenieros.com.co\/Es\/wp-json\/wp\/v2\/pages\/87\/revisions"}],"predecessor-version":[{"id":289,"href":"https:\/\/damatecnicaingenieros.com.co\/Es\/wp-json\/wp\/v2\/pages\/87\/revisions\/289"}],"wp:attachment":[{"href":"https:\/\/damatecnicaingenieros.com.co\/Es\/wp-json\/wp\/v2\/media?parent=87"}],"curies":[{"name":"wp","href":"https:\/\/api.w.org\/{rel}","templated":true}]}}